{"id":139,"date":"2021-04-13T09:03:55","date_gmt":"2021-04-13T09:03:55","guid":{"rendered":"https:\/\/www.frigogroup.com\/?page_id=139"},"modified":"2022-04-13T12:15:20","modified_gmt":"2022-04-13T10:15:20","slug":"groupagevervoer","status":"publish","type":"page","link":"https:\/\/www.frigogroup.com\/nl\/wegtransport\/groupagevervoer","title":{"rendered":"Groupagevervoer"},"content":{"rendered":"\n<h1 class=\"wp-block-heading\"><strong>Groupagevervoer<\/strong><\/h1>\n\n\n\n<p>In de transportwereld is groupage het samenvoegen van verschillende kleine ladingen tot \u00e9\u00e9n grote lading. Hierdoor krijgen bedrijven de kans om gemakkelijk hun lading te vervoeren en wordt er zo effici\u00ebnt mogelijk transport georganiseerd. Met zoveel vriestransport, koeltransport en niet-geconditioneerd transport dat dagelijks wordt georganiseerd naar landen als Benelux, Spanje, Duitsland, Frankrijk, Itali\u00eb, Zwitserland en Zwitserland, is groupagevervoer voor Frigo Group Transport een mogelijkheid om nog effici\u00ebnter te werk te gaan. Klanten zien dat terug in een nog gunstiger prijs\/kwaliteit-verhouding. <\/p>\n","protected":false},"excerpt":{"rendered":"<p>Groupagevervoer In de transportwereld is groupage het samenvoegen van verschillende kleine ladingen tot \u00e9\u00e9n grote lading. Hierdoor krijgen bedrijven de kans om gemakkelijk hun lading te vervoeren en wordt er zo effici\u00ebnt mogelijk transport georganiseerd. Met zoveel vriestransport, koeltransport en niet-geconditioneerd transport dat dagelijks wordt georganiseerd naar landen als Benelux, Spanje, Duitsland, Frankrijk, Itali\u00eb, Zwitserland&hellip;<\/p>\n","protected":false},"author":1,"featured_media":0,"parent":13,"menu_order":4,"comment_status":"closed","ping_status":"closed","template":"","meta":{"footnotes":""},"class_list":["post-139","page","type-page","status-publish","hentry"],"yoast_head":"<!-- This site is optimized with the Yoast SEO plugin v24.2 - https:\/\/yoast.com\/wordpress\/plugins\/seo\/ -->\n<title>Deellading- of groupagevervoer Nederland en Europa | Frigo Group<\/title>\n<meta name=\"description\" content=\"Frigo Group biedt groupagevervoer voor ambient-, koel- en\/of diepvriesproducten.Transport naar Benelux, Spanje en Duitsland. ISO 9001.\" \/>\n<meta name=\"robots\" content=\"index, follow, max-snippet:-1, max-image-preview:large, max-video-preview:-1\" \/>\n<link rel=\"canonical\" href=\"https:\/\/www.frigogroup.com\/nl\/wegtransport\/groupagevervoer\" \/>\n<meta property=\"og:locale\" content=\"nl_NL\" \/>\n<meta property=\"og:type\" content=\"article\" \/>\n<meta property=\"og:title\" content=\"Deellading- of groupagevervoer Nederland en Europa | Frigo Group\" \/>\n<meta property=\"og:description\" content=\"Frigo Group biedt groupagevervoer voor ambient-, koel- en\/of diepvriesproducten.Transport naar Benelux, Spanje en Duitsland. ISO 9001.\" \/>\n<meta property=\"og:url\" content=\"https:\/\/www.frigogroup.com\/nl\/wegtransport\/groupagevervoer\" \/>\n<meta property=\"og:site_name\" content=\"Frigo Group\" \/>\n<meta property=\"article:modified_time\" content=\"2022-04-13T10:15:20+00:00\" \/>\n<meta name=\"twitter:card\" content=\"summary_large_image\" \/>\n<meta name=\"twitter:label1\" content=\"Geschatte leestijd\" \/>\n\t<meta name=\"twitter:data1\" content=\"1 minuut\" \/>\n<script type=\"application\/ld+json\" class=\"yoast-schema-graph\">{\"@context\":\"https:\/\/schema.org\",\"@graph\":[{\"@type\":\"WebPage\",\"@id\":\"https:\/\/www.frigogroup.com\/nl\/wegtransport\/groupagevervoer\",\"url\":\"https:\/\/www.frigogroup.com\/nl\/wegtransport\/groupagevervoer\",\"name\":\"Deellading- of groupagevervoer Nederland en Europa | Frigo Group\",\"isPartOf\":{\"@id\":\"https:\/\/www.frigogroup.com\/nl\/#website\"},\"datePublished\":\"2021-04-13T09:03:55+00:00\",\"dateModified\":\"2022-04-13T10:15:20+00:00\",\"description\":\"Frigo Group biedt groupagevervoer voor ambient-, koel- en\/of diepvriesproducten.Transport naar Benelux, Spanje en Duitsland. ISO 9001.\",\"breadcrumb\":{\"@id\":\"https:\/\/www.frigogroup.com\/nl\/wegtransport\/groupagevervoer#breadcrumb\"},\"inLanguage\":\"nl-NL\",\"potentialAction\":[{\"@type\":\"ReadAction\",\"target\":[\"https:\/\/www.frigogroup.com\/nl\/wegtransport\/groupagevervoer\"]}]},{\"@type\":\"BreadcrumbList\",\"@id\":\"https:\/\/www.frigogroup.com\/nl\/wegtransport\/groupagevervoer#breadcrumb\",\"itemListElement\":[{\"@type\":\"ListItem\",\"position\":1,\"name\":\"Home\",\"item\":\"https:\/\/www.frigogroup.com\/nl\"},{\"@type\":\"ListItem\",\"position\":2,\"name\":\"Wegtransport\",\"item\":\"https:\/\/www.frigogroup.com\/nl\/wegtransport\"},{\"@type\":\"ListItem\",\"position\":3,\"name\":\"Groupagevervoer\"}]},{\"@type\":\"WebSite\",\"@id\":\"https:\/\/www.frigogroup.com\/nl\/#website\",\"url\":\"https:\/\/www.frigogroup.com\/nl\/\",\"name\":\"Frigo Group\",\"description\":\"Coldstore Facilities and Supply Chain Solutions\",\"potentialAction\":[{\"@type\":\"SearchAction\",\"target\":{\"@type\":\"EntryPoint\",\"urlTemplate\":\"https:\/\/www.frigogroup.com\/nl\/?s={search_term_string}\"},\"query-input\":{\"@type\":\"PropertyValueSpecification\",\"valueRequired\":true,\"valueName\":\"search_term_string\"}}],\"inLanguage\":\"nl-NL\"}]}<\/script>\n<!-- \/ Yoast SEO plugin. -->","yoast_head_json":{"title":"Deellading- of groupagevervoer Nederland en Europa | Frigo Group","description":"Frigo Group biedt groupagevervoer voor ambient-, koel- en\/of diepvriesproducten.Transport naar Benelux, Spanje en Duitsland. ISO 9001.","robots":{"index":"index","follow":"follow","max-snippet":"max-snippet:-1","max-image-preview":"max-image-preview:large","max-video-preview":"max-video-preview:-1"},"canonical":"https:\/\/www.frigogroup.com\/nl\/wegtransport\/groupagevervoer","og_locale":"nl_NL","og_type":"article","og_title":"Deellading- of groupagevervoer Nederland en Europa | Frigo Group","og_description":"Frigo Group biedt groupagevervoer voor ambient-, koel- en\/of diepvriesproducten.Transport naar Benelux, Spanje en Duitsland. ISO 9001.","og_url":"https:\/\/www.frigogroup.com\/nl\/wegtransport\/groupagevervoer","og_site_name":"Frigo Group","article_modified_time":"2022-04-13T10:15:20+00:00","twitter_card":"summary_large_image","twitter_misc":{"Geschatte leestijd":"1 minuut"},"schema":{"@context":"https:\/\/schema.org","@graph":[{"@type":"WebPage","@id":"https:\/\/www.frigogroup.com\/nl\/wegtransport\/groupagevervoer","url":"https:\/\/www.frigogroup.com\/nl\/wegtransport\/groupagevervoer","name":"Deellading- of groupagevervoer Nederland en Europa | Frigo Group","isPartOf":{"@id":"https:\/\/www.frigogroup.com\/nl\/#website"},"datePublished":"2021-04-13T09:03:55+00:00","dateModified":"2022-04-13T10:15:20+00:00","description":"Frigo Group biedt groupagevervoer voor ambient-, koel- en\/of diepvriesproducten.Transport naar Benelux, Spanje en Duitsland. ISO 9001.","breadcrumb":{"@id":"https:\/\/www.frigogroup.com\/nl\/wegtransport\/groupagevervoer#breadcrumb"},"inLanguage":"nl-NL","potentialAction":[{"@type":"ReadAction","target":["https:\/\/www.frigogroup.com\/nl\/wegtransport\/groupagevervoer"]}]},{"@type":"BreadcrumbList","@id":"https:\/\/www.frigogroup.com\/nl\/wegtransport\/groupagevervoer#breadcrumb","itemListElement":[{"@type":"ListItem","position":1,"name":"Home","item":"https:\/\/www.frigogroup.com\/nl"},{"@type":"ListItem","position":2,"name":"Wegtransport","item":"https:\/\/www.frigogroup.com\/nl\/wegtransport"},{"@type":"ListItem","position":3,"name":"Groupagevervoer"}]},{"@type":"WebSite","@id":"https:\/\/www.frigogroup.com\/nl\/#website","url":"https:\/\/www.frigogroup.com\/nl\/","name":"Frigo Group","description":"Coldstore Facilities and Supply Chain Solutions","potentialAction":[{"@type":"SearchAction","target":{"@type":"EntryPoint","urlTemplate":"https:\/\/www.frigogroup.com\/nl\/?s={search_term_string}"},"query-input":{"@type":"PropertyValueSpecification","valueRequired":true,"valueName":"search_term_string"}}],"inLanguage":"nl-NL"}]}},"_links":{"self":[{"href":"https:\/\/www.frigogroup.com\/nl\/wp-json\/wp\/v2\/pages\/139","targetHints":{"allow":["GET"]}}],"collection":[{"href":"https:\/\/www.frigogroup.com\/nl\/wp-json\/wp\/v2\/pages"}],"about":[{"href":"https:\/\/www.frigogroup.com\/nl\/wp-json\/wp\/v2\/types\/page"}],"author":[{"embeddable":true,"href":"https:\/\/www.frigogroup.com\/nl\/wp-json\/wp\/v2\/users\/1"}],"replies":[{"embeddable":true,"href":"https:\/\/www.frigogroup.com\/nl\/wp-json\/wp\/v2\/comments?post=139"}],"version-history":[{"count":8,"href":"https:\/\/www.frigogroup.com\/nl\/wp-json\/wp\/v2\/pages\/139\/revisions"}],"predecessor-version":[{"id":3148,"href":"https:\/\/www.frigogroup.com\/nl\/wp-json\/wp\/v2\/pages\/139\/revisions\/3148"}],"up":[{"embeddable":true,"href":"https:\/\/www.frigogroup.com\/nl\/wp-json\/wp\/v2\/pages\/13"}],"wp:attachment":[{"href":"https:\/\/www.frigogroup.com\/nl\/wp-json\/wp\/v2\/media?parent=139"}],"curies":[{"name":"wp","href":"https:\/\/api.w.org\/{rel}","templated":true}]}}